{"id":24,"date":"2025-09-23T10:57:37","date_gmt":"2025-09-23T13:57:37","guid":{"rendered":"https:\/\/silveiraagro.com.br\/index.php\/bringing-growth-to-agriculture-farm-3\/"},"modified":"2025-09-25T20:00:57","modified_gmt":"2025-09-25T23:00:57","slug":"bringing-growth-to-agriculture-farm-3","status":"publish","type":"page","link":"https:\/\/silveiraagro.com.br\/index.php\/bringing-growth-to-agriculture-farm-3\/","title":{"rendered":"Do produtor para voc\u00ea: confian\u00e7a em cada gr\u00e3o."},"content":{"rendered":"","protected":false},"excerpt":{"rendered":"","protected":false},"author":1,"featured_media":127,"parent":0,"menu_order":0,"comment_status":"closed","ping_status":"closed","template":"","meta":{"footnotes":""},"class_list":["post-24","page","type-page","status-publish","has-post-thumbnail","hentry"],"_links":{"self":[{"href":"https:\/\/silveiraagro.com.br\/index.php\/wp-json\/wp\/v2\/pages\/24","targetHints":{"allow":["GET"]}}],"collection":[{"href":"https:\/\/silveiraagro.com.br\/index.php\/wp-json\/wp\/v2\/pages"}],"about":[{"href":"https:\/\/silveiraagro.com.br\/index.php\/wp-json\/wp\/v2\/types\/page"}],"author":[{"embeddable":true,"href":"https:\/\/silveiraagro.com.br\/index.php\/wp-json\/wp\/v2\/users\/1"}],"replies":[{"embeddable":true,"href":"https:\/\/silveiraagro.com.br\/index.php\/wp-json\/wp\/v2\/comments?post=24"}],"version-history":[{"count":2,"href":"https:\/\/silveiraagro.com.br\/index.php\/wp-json\/wp\/v2\/pages\/24\/revisions"}],"predecessor-version":[{"id":132,"href":"https:\/\/silveiraagro.com.br\/index.php\/wp-json\/wp\/v2\/pages\/24\/revisions\/132"}],"wp:featuredmedia":[{"embeddable":true,"href":"https:\/\/silveiraagro.com.br\/index.php\/wp-json\/wp\/v2\/media\/127"}],"wp:attachment":[{"href":"https:\/\/silveiraagro.com.br\/index.php\/wp-json\/wp\/v2\/media?parent=24"}],"curies":[{"name":"wp","href":"https:\/\/api.w.org\/{rel}","templated":true}]}}